{"id":30,"date":"2025-09-15T18:06:18","date_gmt":"2025-09-15T18:06:18","guid":{"rendered":"https:\/\/euabraco.org.br\/?page_id=30"},"modified":"2025-11-01T09:52:27","modified_gmt":"2025-11-01T09:52:27","slug":"homepage","status":"publish","type":"page","link":"https:\/\/euabraco.org.br\/","title":{"rendered":"Homepage"},"content":{"rendered":"\t\t<div data-elementor-type=\"wp-page\" data-elementor-id=\"30\" class=\"elementor elementor-30\" data-elementor-post-type=\"page\">\n\t\t\t\t<div class=\"elementor-element elementor-element-fb230d2 e-flex e-con-boxed e-con e-parent\" data-id=\"fb230d2\" data-element_type=\"container\" data-settings=\"{&quot;background_background&quot;:&quot;classic&quot;}\">\n\t\t\t\t\t<div class=\"e-con-inner\">\n\t\t<div class=\"elementor-element elementor-element-c567a1a e-con-full e-grid e-con e-child\" data-id=\"c567a1a\" data-element_type=\"container\">\n\t\t\t\t<div class=\"elementor-element elementor-element-a5d63e6 elementor-widget elementor-widget-image\" data-id=\"a5d63e6\" data-element_type=\"widget\" data-widget_type=\"image.default\">\n\t\t\t\t\t\t\t\t\t\t\t\t\t\t\t<img fetchpriority=\"high\" decoding=\"async\" width=\"800\" height=\"818\" src=\"https:\/\/euabraco.org.br\/wp-content\/uploads\/2025\/09\/HOMEMAZUL-1002x1024.png\" class=\"attachment-large size-large wp-image-62\" alt=\"\" srcset=\"https:\/\/euabraco.org.br\/wp-content\/uploads\/2025\/09\/HOMEMAZUL-1002x1024.png 1002w, https:\/\/euabraco.org.br\/wp-content\/uploads\/2025\/09\/HOMEMAZUL-scaled-1200x1226.png 1200w, https:\/\/euabraco.org.br\/wp-content\/uploads\/2025\/09\/HOMEMAZUL-294x300.png 294w, https:\/\/euabraco.org.br\/wp-content\/uploads\/2025\/09\/HOMEMAZUL-768x785.png 768w, https:\/\/euabraco.org.br\/wp-content\/uploads\/2025\/09\/HOMEMAZUL-1503x1536.png 1503w, https:\/\/euabraco.org.br\/wp-content\/uploads\/2025\/09\/HOMEMAZUL-2005x2048.png 2005w\" sizes=\"(max-width: 800px) 100vw, 800px\" \/>\t\t\t\t\t\t\t\t\t\t\t\t\t\t\t<\/div>\n\t\t\t\t<div class=\"elementor-element elementor-element-d82292a elementor-widget elementor-widget-text-editor\" data-id=\"d82292a\" data-element_type=\"widget\" data-widget_type=\"text-editor.default\">\n\t\t\t\t\t\t\t\t\t<h2><strong>Nesse Novembro Azul abrace a luta contra o c\u00e2ncer<\/strong><\/h2><h3><strong>Eu Abra\u00e7o a Vida, <\/strong><br \/><strong>Eu Abra\u00e7o a Causa.<\/strong><\/h3><div><div>Adquira sua camiseta da campanha &#8220;Eu Abra\u00e7o&#8221; e ajude o diversas institui\u00e7\u00f5es de preven\u00e7\u00e3o e apoio a pessoas com c\u00e2ncer a continuar o suporte a pessoas em tratamento contra o c\u00e2ncer.<\/div><div>\u00a0<\/div><div><strong>Fique bonito e fa\u00e7a o bem!<\/strong><\/div><\/div><div><a class=\"btcomprar\" href=\"https:\/\/euabraco.org.br\/index.php\/produto\/camisa-rosa-eu-abraco\/\">Quero minha camiseta<\/a><\/div><div><div style=\"font-weight: bold;\">\u00a0<\/div><\/div>\t\t\t\t\t\t\t\t<\/div>\n\t\t\t\t<\/div>\n\t\t\t\t\t<\/div>\n\t\t\t\t<\/div>\n\t\t<div class=\"elementor-element elementor-element-204f358 e-flex e-con-boxed e-con e-parent\" data-id=\"204f358\" data-element_type=\"container\" id=\"euabraco\" data-settings=\"{&quot;background_background&quot;:&quot;classic&quot;}\">\n\t\t\t\t\t<div class=\"e-con-inner\">\n\t\t<div class=\"elementor-element elementor-element-d867e08 e-grid e-con-full e-con e-child\" data-id=\"d867e08\" data-element_type=\"container\">\n\t\t\t\t<div class=\"elementor-element elementor-element-87c3c42 elementor-widget elementor-widget-text-editor\" data-id=\"87c3c42\" data-element_type=\"widget\" data-widget_type=\"text-editor.default\">\n\t\t\t\t\t\t\t\t\t<h2><strong>Eu Abra\u00e7o<\/strong><\/h2><div><div><p>Eu abra\u00e7o \u00e9 uma campanha que apoia diversas entidades sem fins lucrativos de apoio a portadores de c\u00e2ncer carentes que fornecem o suporte necess\u00e1rio aos portadores de c\u00e2ncer.<\/p><p>Mas para que tudo isso aconte\u00e7a precisamos que voc\u00ea abrace essa causa.<\/p><\/div><\/div><div><a class=\"btcomprar\" href=\"https:\/\/euabraco.org.br\/index.php\/produto\/camisa-rosa-eu-abraco\/\">Quero minha camiseta<\/a><\/div><div><div style=\"font-weight: bold;\">\u00a0<\/div><\/div>\t\t\t\t\t\t\t\t<\/div>\n\t\t\t\t<div class=\"elementor-element elementor-element-2d3141b elementor-widget elementor-widget-image\" data-id=\"2d3141b\" data-element_type=\"widget\" data-widget_type=\"image.default\">\n\t\t\t\t\t\t\t\t\t\t\t\t\t\t\t<img decoding=\"async\" width=\"718\" height=\"620\" src=\"https:\/\/euabraco.org.br\/wp-content\/uploads\/2025\/09\/gapc-novo.png\" class=\"attachment-large size-large wp-image-51\" alt=\"\" srcset=\"https:\/\/euabraco.org.br\/wp-content\/uploads\/2025\/09\/gapc-novo.png 718w, https:\/\/euabraco.org.br\/wp-content\/uploads\/2025\/09\/gapc-novo-300x259.png 300w\" sizes=\"(max-width: 718px) 100vw, 718px\" \/>\t\t\t\t\t\t\t\t\t\t\t\t\t\t\t<\/div>\n\t\t\t\t<\/div>\n\t\t\t\t\t<\/div>\n\t\t\t\t<\/div>\n\t\t<div class=\"elementor-element elementor-element-dea26a0 e-flex e-con-boxed e-con e-parent\" data-id=\"dea26a0\" data-element_type=\"container\" id=\"campanha\" data-settings=\"{&quot;background_background&quot;:&quot;classic&quot;}\">\n\t\t\t\t\t<div class=\"e-con-inner\">\n\t\t<div class=\"elementor-element elementor-element-4f2843b e-grid e-con-full e-con e-child\" data-id=\"4f2843b\" data-element_type=\"container\">\n\t\t\t\t<div class=\"elementor-element elementor-element-09a545b elementor-widget elementor-widget-image\" data-id=\"09a545b\" data-element_type=\"widget\" data-widget_type=\"image.default\">\n\t\t\t\t\t\t\t\t\t\t\t\t\t\t\t<img decoding=\"async\" width=\"800\" height=\"703\" src=\"https:\/\/euabraco.org.br\/wp-content\/uploads\/2025\/09\/espiral.png\" class=\"attachment-large size-large wp-image-56\" alt=\"\" srcset=\"https:\/\/euabraco.org.br\/wp-content\/uploads\/2025\/09\/espiral.png 866w, https:\/\/euabraco.org.br\/wp-content\/uploads\/2025\/09\/espiral-300x264.png 300w, https:\/\/euabraco.org.br\/wp-content\/uploads\/2025\/09\/espiral-768x675.png 768w\" sizes=\"(max-width: 800px) 100vw, 800px\" \/>\t\t\t\t\t\t\t\t\t\t\t\t\t\t\t<\/div>\n\t\t\t\t<div class=\"elementor-element elementor-element-a56c1d3 elementor-widget elementor-widget-text-editor\" data-id=\"a56c1d3\" data-element_type=\"widget\" data-widget_type=\"text-editor.default\">\n\t\t\t\t\t\t\t\t\t<h2><strong>Por que a campanha\n\u2018Eu Abra\u00e7o\u2019?<\/strong><\/h2>\n<div>\n<div><\/div>\n<div>Eu Abra\u00e7o, um movimento de carinho, uni\u00e3o, solidariedade e apoio \u00e0s pessoas em tratamento contra o c\u00e2ncer. Ao comprar sua camiseta, voc\u00ea n\u00e3o apenas contribui com essa luta, mas tamb\u00e9m leva consigo a mensagem de que abra\u00e7ar \u00e9 transformar vidas, al\u00e9m de ficar super estiloso!<\/div>\n<\/div>\n<div><a class=\"btcomprar\" href=\"https:\/\/euabraco.org.br\/index.php\/produto\/camisa-rosa-eu-abraco\/\">Quero minha camiseta<\/a><\/div>\n<div>\n<div style=\"font-weight: bold;\"><\/div>\n<\/div>\t\t\t\t\t\t\t\t<\/div>\n\t\t\t\t<\/div>\n\t\t\t\t\t<\/div>\n\t\t\t\t<\/div>\n\t\t<div class=\"elementor-element elementor-element-13c8d82 e-flex e-con-boxed e-con e-parent\" data-id=\"13c8d82\" data-element_type=\"container\" id=\"comprar\" data-settings=\"{&quot;background_background&quot;:&quot;classic&quot;}\">\n\t\t\t\t\t<div class=\"e-con-inner\">\n\t\t<div class=\"elementor-element elementor-element-a5b0417 e-con-full e-flex e-con e-child\" data-id=\"a5b0417\" data-element_type=\"container\" data-settings=\"{&quot;background_background&quot;:&quot;classic&quot;}\">\n\t\t<div class=\"elementor-element elementor-element-91c3227 e-grid e-con-full e-con e-child\" data-id=\"91c3227\" data-element_type=\"container\">\n\t\t\t\t<div class=\"elementor-element elementor-element-0769ba6 elementor-widget elementor-widget-text-editor\" data-id=\"0769ba6\" data-element_type=\"widget\" data-widget_type=\"text-editor.default\">\n\t\t\t\t\t\t\t\t\t<h2><strong>Conhe\u00e7a as camisetas<br \/>Eu Abra\u00e7o<\/strong><\/h2><div><div><p>5 camisetas tipo dryfit (poli\u00e9stes), confort\u00e1veis e pensadas para que voc\u00ea possa vestir essa causa com orgulho.<br \/>Perfeitas para o dia a dia, academia, corridas e para se unir nos atos e eventos para mostrar que voc\u00ea tamb\u00e9m abra\u00e7a essa luta.<\/p><\/div><div>Op\u00e7\u00f5es de tamanhos: (P, M, G, GG)<\/div><div><strong>R$ 59,90<\/strong><\/div><p>Cores: <span style=\"color: #e44f87;\">\u2588<\/span> <span style=\"color: #4c84f6;\">\u2588<\/span><\/p><\/div><div><a class=\"btcomprar\" href=\"https:\/\/euabraco.org.br\/index.php\/produto\/camisa-rosa-eu-abraco\/\">COMPRAR AGORA<\/a><\/div><div><div style=\"font-weight: bold;\">\u00a0<\/div><\/div>\t\t\t\t\t\t\t\t<\/div>\n\t\t\t\t<div class=\"elementor-element elementor-element-7c06d38 elementor-grid-2 elementor-product-loop-item--align-center elementor-grid-tablet-3 elementor-grid-mobile-2 elementor-products-grid elementor-wc-products elementor-widget elementor-widget-woocommerce-products\" data-id=\"7c06d38\" data-element_type=\"widget\" data-widget_type=\"woocommerce-products.default\">\n\t\t\t\t<div class=\"elementor-widget-container\">\n\t\t\t\t\t<div class=\"woocommerce columns-2 \"><ul class=\"products elementor-grid columns-2\">\n<li class=\"product type-product post-136 status-publish first instock product_cat-camiseta has-post-thumbnail taxable shipping-taxable purchasable product-type-variable\">\n\t<a href=\"https:\/\/euabraco.org.br\/index.php\/produto\/camisa-rosa-eu-abraco\/\" class=\"woocommerce-LoopProduct-link woocommerce-loop-product__link\"><img loading=\"lazy\" decoding=\"async\" width=\"458\" height=\"587\" src=\"https:\/\/euabraco.org.br\/wp-content\/uploads\/2025\/09\/camisarosa.png\" class=\"attachment-woocommerce_thumbnail size-woocommerce_thumbnail\" alt=\"Camisa Rosa (Eu Abra\u00e7o)\" srcset=\"https:\/\/euabraco.org.br\/wp-content\/uploads\/2025\/09\/camisarosa.png 458w, https:\/\/euabraco.org.br\/wp-content\/uploads\/2025\/09\/camisarosa-234x300.png 234w\" sizes=\"(max-width: 458px) 100vw, 458px\" \/><h2 class=\"woocommerce-loop-product__title\">Camisa Rosa (Eu Abra\u00e7o)<\/h2>\n\t<span class=\"price\"><span class=\"woocommerce-Price-amount amount\"><bdi><span class=\"woocommerce-Price-currencySymbol\">&#82;&#36;<\/span>&nbsp;59,90<\/bdi><\/span><\/span>\n<\/a><a href=\"https:\/\/euabraco.org.br\/index.php\/produto\/camisa-rosa-eu-abraco\/\" aria-describedby=\"woocommerce_loop_add_to_cart_link_describedby_136\" data-quantity=\"1\" class=\"button product_type_variable add_to_cart_button\" data-product_id=\"136\" data-product_sku=\"\" aria-label=\"Selecione as op\u00e7\u00f5es para &ldquo;Camisa Rosa (Eu Abra\u00e7o)&rdquo;\" rel=\"nofollow\">Ver op\u00e7\u00f5es<\/a>\t<span id=\"woocommerce_loop_add_to_cart_link_describedby_136\" class=\"screen-reader-text\">\n\t\tEste produto tem v\u00e1rias variantes. As op\u00e7\u00f5es podem ser escolhidas na p\u00e1gina do produto\t<\/span>\n<\/li>\n<li class=\"product type-product post-138 status-publish last instock product_cat-camiseta has-post-thumbnail taxable shipping-taxable purchasable product-type-variable\">\n\t<a href=\"https:\/\/euabraco.org.br\/index.php\/produto\/camisa-azul-eu-abraco\/\" class=\"woocommerce-LoopProduct-link woocommerce-loop-product__link\"><img loading=\"lazy\" decoding=\"async\" width=\"317\" height=\"420\" src=\"https:\/\/euabraco.org.br\/wp-content\/uploads\/2025\/09\/camisaazul-e1759175387212.png\" class=\"attachment-woocommerce_thumbnail size-woocommerce_thumbnail\" alt=\"Camisa Azul (Eu Abra\u00e7o)\" srcset=\"https:\/\/euabraco.org.br\/wp-content\/uploads\/2025\/09\/camisaazul-e1759175387212.png 317w, https:\/\/euabraco.org.br\/wp-content\/uploads\/2025\/09\/camisaazul-e1759175387212-226x300.png 226w\" sizes=\"(max-width: 317px) 100vw, 317px\" \/><h2 class=\"woocommerce-loop-product__title\">Camisa Azul (Eu Abra\u00e7o)<\/h2>\n\t<span class=\"price\"><span class=\"woocommerce-Price-amount amount\"><bdi><span class=\"woocommerce-Price-currencySymbol\">&#82;&#36;<\/span>&nbsp;59,90<\/bdi><\/span><\/span>\n<\/a><a href=\"https:\/\/euabraco.org.br\/index.php\/produto\/camisa-azul-eu-abraco\/\" aria-describedby=\"woocommerce_loop_add_to_cart_link_describedby_138\" data-quantity=\"1\" class=\"button product_type_variable add_to_cart_button\" data-product_id=\"138\" data-product_sku=\"\" aria-label=\"Selecione as op\u00e7\u00f5es para &ldquo;Camisa Azul (Eu Abra\u00e7o)&rdquo;\" rel=\"nofollow\">Ver op\u00e7\u00f5es<\/a>\t<span id=\"woocommerce_loop_add_to_cart_link_describedby_138\" class=\"screen-reader-text\">\n\t\tEste produto tem v\u00e1rias variantes. As op\u00e7\u00f5es podem ser escolhidas na p\u00e1gina do produto\t<\/span>\n<\/li>\n<\/ul>\n<\/div>\t\t\t\t<\/div>\n\t\t\t\t<\/div>\n\t\t\t\t<\/div>\n\t\t\t\t<\/div>\n\t\t\t\t\t<\/div>\n\t\t\t\t<\/div>\n\t\t<div class=\"elementor-element elementor-element-7fe5ad8 e-flex e-con-boxed e-con e-parent\" data-id=\"7fe5ad8\" data-element_type=\"container\" id=\"queroajudar\" data-settings=\"{&quot;background_background&quot;:&quot;classic&quot;}\">\n\t\t\t\t\t<div class=\"e-con-inner\">\n\t\t<div class=\"elementor-element elementor-element-d3c295f e-grid e-con-full e-con e-child\" data-id=\"d3c295f\" data-element_type=\"container\">\n\t\t\t\t<div class=\"elementor-element elementor-element-651ff5f elementor-widget elementor-widget-image\" data-id=\"651ff5f\" data-element_type=\"widget\" data-widget_type=\"image.default\">\n\t\t\t\t\t\t\t\t\t\t\t\t\t\t\t<img loading=\"lazy\" decoding=\"async\" width=\"700\" height=\"967\" src=\"https:\/\/euabraco.org.br\/wp-content\/uploads\/2025\/09\/muher.png\" class=\"attachment-large size-large wp-image-35\" alt=\"\" srcset=\"https:\/\/euabraco.org.br\/wp-content\/uploads\/2025\/09\/muher.png 700w, https:\/\/euabraco.org.br\/wp-content\/uploads\/2025\/09\/muher-217x300.png 217w\" sizes=\"(max-width: 700px) 100vw, 700px\" \/>\t\t\t\t\t\t\t\t\t\t\t\t\t\t\t<\/div>\n\t\t\t\t<div class=\"elementor-element elementor-element-456e358 elementor-widget elementor-widget-text-editor\" data-id=\"456e358\" data-element_type=\"widget\" data-widget_type=\"text-editor.default\">\n\t\t\t\t\t\t\t\t\t<h2><strong>Sua compra faz a diferen\u00e7a!<\/strong><\/h2><div><p>Comprando voc\u00ea ajuda entidades a continuarem seu trabalho.<br \/>O <strong>eu abra\u00e7o<\/strong> destina a venda para entidades parceiras como<br \/><a href=\"https:\/\/aspal.org.br\">Aspal<\/a>, <a href=\"https:\/\/gapc.org.br\">GAPC<\/a> e <a href=\"https:\/\/fncc.org.br\">FNCC<\/a>.<br \/>Entidades s\u00e9rias e reconhecidas nas cidades que atuam.<br \/>Sua compra vira atendimento a quem precisa, suplemento alimentar, cesta b\u00e1sica, perucas, len\u00e7os, etc&#8230;<\/p><p>Ajude agora mesmo essa corrente do bem.<\/p><p><strong>Abrace essa causa!<\/strong><\/p><p><a class=\"btcomprar\" href=\"https:\/\/euabraco.org.br\/index.php\/produto\/camisa-rosa-eu-abraco\/\">Quero minha camiseta<\/a><\/p><\/div><div><div style=\"font-weight: bold;\">\u00a0<\/div><\/div>\t\t\t\t\t\t\t\t<\/div>\n\t\t\t\t<\/div>\n\t\t\t\t\t<\/div>\n\t\t\t\t<\/div>\n\t\t\t\t<\/div>\n\t\t","protected":false},"excerpt":{"rendered":"<p>Nesse Novembro Azul abrace a luta contra o c\u00e2ncer Eu Abra\u00e7o a Vida, Eu Abra\u00e7o a Causa. Adquira sua camiseta da campanha &#8220;Eu Abra\u00e7o&#8221; e ajude o diversas institui\u00e7\u00f5es de preven\u00e7\u00e3o e apoio a pessoas com c\u00e2ncer a continuar o suporte a pessoas em tratamento contra o c\u00e2ncer.\u00a0Fique bonito e fa\u00e7a o bem!Quero minha camiseta\u00a0 [&hellip;]<\/p>\n","protected":false},"author":1,"featured_media":0,"parent":0,"menu_order":0,"comment_status":"closed","ping_status":"closed","template":"elementor_header_footer","meta":{"footnotes":""},"class_list":["post-30","page","type-page","status-publish","hentry"],"_links":{"self":[{"href":"https:\/\/euabraco.org.br\/index.php\/wp-json\/wp\/v2\/pages\/30","targetHints":{"allow":["GET"]}}],"collection":[{"href":"https:\/\/euabraco.org.br\/index.php\/wp-json\/wp\/v2\/pages"}],"about":[{"href":"https:\/\/euabraco.org.br\/index.php\/wp-json\/wp\/v2\/types\/page"}],"author":[{"embeddable":true,"href":"https:\/\/euabraco.org.br\/index.php\/wp-json\/wp\/v2\/users\/1"}],"replies":[{"embeddable":true,"href":"https:\/\/euabraco.org.br\/index.php\/wp-json\/wp\/v2\/comments?post=30"}],"version-history":[{"count":37,"href":"https:\/\/euabraco.org.br\/index.php\/wp-json\/wp\/v2\/pages\/30\/revisions"}],"predecessor-version":[{"id":239,"href":"https:\/\/euabraco.org.br\/index.php\/wp-json\/wp\/v2\/pages\/30\/revisions\/239"}],"wp:attachment":[{"href":"https:\/\/euabraco.org.br\/index.php\/wp-json\/wp\/v2\/media?parent=30"}],"curies":[{"name":"wp","href":"https:\/\/api.w.org\/{rel}","templated":true}]}}